{"id":409,"date":"2019-11-11T08:37:45","date_gmt":"2019-11-11T08:37:45","guid":{"rendered":"https:\/\/demo.casethemes.net\/consultio-corporate2\/?page_id=409"},"modified":"2025-03-12T06:58:17","modified_gmt":"2025-03-12T06:58:17","slug":"services-v-2","status":"publish","type":"page","link":"https:\/\/glamoursalondebelleza.com\/index.php\/services-v-2\/","title":{"rendered":"Servicios"},"content":{"rendered":"\t\t<div data-elementor-type=\"wp-page\" data-elementor-id=\"409\" class=\"elementor elementor-409\" data-elementor-post-type=\"page\">\n\t\t\t\t        <section class=\"elementor-section elementor-top-section elementor-element elementor-element-b72d907 elementor-section-stretched elementor-section-boxed elementor-section-height-default elementor-section-height-default ct-header-fixed-none ct-row-max-none\" data-id=\"b72d907\" data-element_type=\"section\" data-e-type=\"section\" data-settings=\"{&quot;stretch_section&quot;:&quot;section-stretched&quot;,&quot;background_background&quot;:&quot;classic&quot;}\">\n            \n                        <div class=\"elementor-container elementor-column-gap-narrow \">\n                    <div class=\"elementor-column elementor-col-33 elementor-top-column elementor-element elementor-element-dd7703b elementor-invisible\" data-id=\"dd7703b\" data-element_type=\"column\" data-e-type=\"column\" data-settings=\"{&quot;animation&quot;:&quot;zoomIn&quot;,&quot;background_background&quot;:&quot;classic&quot;}\">\n        <div class=\"elementor-widget-wrap elementor-element-populated\">\n                    \n        \t\t<div class=\"elementor-element elementor-element-e05780b elementor-widget elementor-widget-image\" data-id=\"e05780b\" data-element_type=\"widget\" data-e-type=\"widget\" data-widget_type=\"image.default\">\n\t\t\t\t<div class=\"elementor-widget-container\">\n\t\t\t\t\t\t\t\t\t\t\t\t\t\t\t<img fetchpriority=\"high\" decoding=\"async\" width=\"640\" height=\"640\" src=\"https:\/\/glamoursalondebelleza.com\/wp-content\/uploads\/2025\/02\/Diseno_sin_titulo_70-9625092-1.webp\" class=\"attachment-large size-large wp-image-5593\" alt=\"\" srcset=\"https:\/\/glamoursalondebelleza.com\/wp-content\/uploads\/2025\/02\/Diseno_sin_titulo_70-9625092-1.webp 750w, https:\/\/glamoursalondebelleza.com\/wp-content\/uploads\/2025\/02\/Diseno_sin_titulo_70-9625092-1-300x300.webp 300w, https:\/\/glamoursalondebelleza.com\/wp-content\/uploads\/2025\/02\/Diseno_sin_titulo_70-9625092-1-150x150.webp 150w\" sizes=\"(max-width: 640px) 100vw, 640px\" \/>\t\t\t\t\t\t\t\t\t\t\t\t\t\t\t<\/div>\n\t\t\t\t<\/div>\n\t\t\t\t<div class=\"elementor-element elementor-element-ff67f80 elementor-widget elementor-widget-ct_heading\" data-id=\"ff67f80\" data-element_type=\"widget\" data-e-type=\"widget\" data-widget_type=\"ct_heading.default\">\n\t\t\t\t<div class=\"elementor-widget-container\">\n\t\t\t\t\t<div class=\"ct-heading h-align-center  sub-style1 ct-heading-left item-st-default\">\r\n\t    <h4 class=\"item--title st-default \" data-wow-delay=\"ms\">\r\n                <span class=\"sp-main\">\r\n            \r\n            Corte\r\n            \r\n                    <\/span>\r\n            <\/h4>\r\n<\/div>\t\t\t\t<\/div>\n\t\t\t\t<\/div>\n\t\t\t\t<div class=\"elementor-element elementor-element-e0430c7 elementor-widget elementor-widget-text-editor\" data-id=\"e0430c7\" data-element_type=\"widget\" data-e-type=\"widget\" data-widget_type=\"text-editor.default\">\n\t\t\t\t<div class=\"elementor-widget-container\">\n\t\t\t\t\t\t\t\t\t<p>Los cortes de cabello femeninos son una t\u00e9cnica art\u00edstica que busca resaltar la belleza individual y realzar los rasgos faciales. Pueden incluir estilos como capas, asimetr\u00edas, flequillos y texturas diversas, adapt\u00e1ndose a las preferencias y personalidad de cada persona.<\/p>\t\t\t\t\t\t\t\t<\/div>\n\t\t\t\t<\/div>\n\t\t\t\t<div class=\"elementor-element elementor-element-49ef70a elementor-align-center elementor-widget elementor-widget-ct_button\" data-id=\"49ef70a\" data-element_type=\"widget\" data-e-type=\"widget\" data-widget_type=\"ct_button.default\">\n\t\t\t\t<div class=\"elementor-widget-container\">\n\t\t\t\t\t<div class=\"ct-button-wrapper ct-button-layout1 icon- btn--inline \">\r\n            <span class=\"ct-icon-active\"><\/span>\r\n        <a href=\"https:\/\/glamoursalondebelleza.com\/index.php\/contact-v-4\/\" class=\"btn btn-default icon-active btn-inline-block  \" data-wow-delay=\"ms\">\r\n                            <span class=\"ct-button-icon ct-align-icon-\">\r\n                            <\/span>\r\n                <span class=\"ct-button-text\">Contacta con nosotras hoy<\/span>\r\n    <\/a>\r\n<\/div>\t\t\t\t<\/div>\n\t\t\t\t<\/div>\n\t\t            <\/div>\n        <\/div>\n                <div class=\"elementor-column elementor-col-33 elementor-top-column elementor-element elementor-element-a90c880 elementor-invisible\" data-id=\"a90c880\" data-element_type=\"column\" data-e-type=\"column\" data-settings=\"{&quot;animation&quot;:&quot;zoomIn&quot;,&quot;background_background&quot;:&quot;classic&quot;}\">\n        <div class=\"elementor-widget-wrap elementor-element-populated\">\n                    \n        \t\t<div class=\"elementor-element elementor-element-24e8ab5 elementor-widget elementor-widget-image\" data-id=\"24e8ab5\" data-element_type=\"widget\" data-e-type=\"widget\" data-widget_type=\"image.default\">\n\t\t\t\t<div class=\"elementor-widget-container\">\n\t\t\t\t\t\t\t\t\t\t\t\t\t\t\t<img decoding=\"async\" width=\"640\" height=\"640\" src=\"https:\/\/glamoursalondebelleza.com\/wp-content\/uploads\/2025\/02\/Diseno_sin_titulo_-_2023-10-18T163026.232-7657441.webp\" class=\"attachment-large size-large wp-image-5612\" alt=\"\" srcset=\"https:\/\/glamoursalondebelleza.com\/wp-content\/uploads\/2025\/02\/Diseno_sin_titulo_-_2023-10-18T163026.232-7657441.webp 750w, https:\/\/glamoursalondebelleza.com\/wp-content\/uploads\/2025\/02\/Diseno_sin_titulo_-_2023-10-18T163026.232-7657441-300x300.webp 300w, https:\/\/glamoursalondebelleza.com\/wp-content\/uploads\/2025\/02\/Diseno_sin_titulo_-_2023-10-18T163026.232-7657441-150x150.webp 150w\" sizes=\"(max-width: 640px) 100vw, 640px\" \/>\t\t\t\t\t\t\t\t\t\t\t\t\t\t\t<\/div>\n\t\t\t\t<\/div>\n\t\t\t\t<div class=\"elementor-element elementor-element-a7daa45 elementor-widget elementor-widget-ct_heading\" data-id=\"a7daa45\" data-element_type=\"widget\" data-e-type=\"widget\" data-widget_type=\"ct_heading.default\">\n\t\t\t\t<div class=\"elementor-widget-container\">\n\t\t\t\t\t<div class=\"ct-heading h-align-center  sub-style1 ct-heading-left item-st-default\">\r\n\t    <h4 class=\"item--title st-default \" data-wow-delay=\"ms\">\r\n                <span class=\"sp-main\">\r\n            \r\n            Tratamientos Capilares \r\n            \r\n                    <\/span>\r\n            <\/h4>\r\n<\/div>\t\t\t\t<\/div>\n\t\t\t\t<\/div>\n\t\t\t\t<div class=\"elementor-element elementor-element-6bccd9d elementor-widget elementor-widget-text-editor\" data-id=\"6bccd9d\" data-element_type=\"widget\" data-e-type=\"widget\" data-widget_type=\"text-editor.default\">\n\t\t\t\t<div class=\"elementor-widget-container\">\n\t\t\t\t\t\t\t\t\t<p>Nuestros tratamientos capilares est\u00e1n dise\u00f1ados para nutrir, reparar y rejuvenecer tu cabello, devolvi\u00e9ndole su brillo y vitalidad natural. Desde acondicionamiento profundo hasta tratamientos de alisado de queratina, a las necesidades que se mantenga sano, fuerte y hermoso.<\/p>\t\t\t\t\t\t\t\t<\/div>\n\t\t\t\t<\/div>\n\t\t\t\t<div class=\"elementor-element elementor-element-5bcdb32 elementor-align-center elementor-widget elementor-widget-ct_button\" data-id=\"5bcdb32\" data-element_type=\"widget\" data-e-type=\"widget\" data-widget_type=\"ct_button.default\">\n\t\t\t\t<div class=\"elementor-widget-container\">\n\t\t\t\t\t<div class=\"ct-button-wrapper ct-button-layout1 icon- btn--inline \">\r\n            <span class=\"ct-icon-active\"><\/span>\r\n        <a href=\"https:\/\/glamoursalondebelleza.com\/index.php\/contact-v-4\/\" class=\"btn btn-default icon-active btn-inline-block  \" data-wow-delay=\"ms\">\r\n                            <span class=\"ct-button-icon ct-align-icon-\">\r\n                            <\/span>\r\n                <span class=\"ct-button-text\">Contacta con nosotras hoy<\/span>\r\n    <\/a>\r\n<\/div>\t\t\t\t<\/div>\n\t\t\t\t<\/div>\n\t\t            <\/div>\n        <\/div>\n                <div class=\"elementor-column elementor-col-33 elementor-top-column elementor-element elementor-element-81ba108 elementor-invisible\" data-id=\"81ba108\" data-element_type=\"column\" data-e-type=\"column\" data-settings=\"{&quot;animation&quot;:&quot;zoomIn&quot;,&quot;background_background&quot;:&quot;classic&quot;}\">\n        <div class=\"elementor-widget-wrap elementor-element-populated\">\n                    \n        \t\t<div class=\"elementor-element elementor-element-396f8a4 elementor-widget elementor-widget-image\" data-id=\"396f8a4\" data-element_type=\"widget\" data-e-type=\"widget\" data-widget_type=\"image.default\">\n\t\t\t\t<div class=\"elementor-widget-container\">\n\t\t\t\t\t\t\t\t\t\t\t\t\t\t\t<img decoding=\"async\" width=\"640\" height=\"640\" src=\"https:\/\/glamoursalondebelleza.com\/wp-content\/uploads\/2025\/02\/Diseno_sin_titulo_-_2023-10-19T113504.646-7726119.webp\" class=\"attachment-large size-large wp-image-5630\" alt=\"\" srcset=\"https:\/\/glamoursalondebelleza.com\/wp-content\/uploads\/2025\/02\/Diseno_sin_titulo_-_2023-10-19T113504.646-7726119.webp 750w, https:\/\/glamoursalondebelleza.com\/wp-content\/uploads\/2025\/02\/Diseno_sin_titulo_-_2023-10-19T113504.646-7726119-300x300.webp 300w, https:\/\/glamoursalondebelleza.com\/wp-content\/uploads\/2025\/02\/Diseno_sin_titulo_-_2023-10-19T113504.646-7726119-150x150.webp 150w\" sizes=\"(max-width: 640px) 100vw, 640px\" \/>\t\t\t\t\t\t\t\t\t\t\t\t\t\t\t<\/div>\n\t\t\t\t<\/div>\n\t\t\t\t<div class=\"elementor-element elementor-element-5f040bc elementor-widget elementor-widget-ct_heading\" data-id=\"5f040bc\" data-element_type=\"widget\" data-e-type=\"widget\" data-widget_type=\"ct_heading.default\">\n\t\t\t\t<div class=\"elementor-widget-container\">\n\t\t\t\t\t<div class=\"ct-heading h-align-center  sub-style1 ct-heading-left item-st-default\">\r\n\t    <h4 class=\"item--title st-default \" data-wow-delay=\"ms\">\r\n                <span class=\"sp-main\">\r\n            \r\n            Color Capilar \n\n\r\n            \r\n                    <\/span>\r\n            <\/h4>\r\n<\/div>\t\t\t\t<\/div>\n\t\t\t\t<\/div>\n\t\t\t\t<div class=\"elementor-element elementor-element-0db982d elementor-widget elementor-widget-text-editor\" data-id=\"0db982d\" data-element_type=\"widget\" data-e-type=\"widget\" data-widget_type=\"text-editor.default\">\n\t\t\t\t<div class=\"elementor-widget-container\">\n\t\t\t\t\t\t\t\t\t<p>En Glamour sal\u00f3n de belleza, sum\u00e9rgete en el apasionante mundo de la coloraci\u00f3n del cabello. Nuestros especialistas en color ofrecen una variedad de tonos y t\u00e9cnicas para personalizar su estilo y resaltar su belleza \u00fanica. Dale vida a tu cabello con nosotros.<\/p>\t\t\t\t\t\t\t\t<\/div>\n\t\t\t\t<\/div>\n\t\t\t\t<div class=\"elementor-element elementor-element-65a57c6 elementor-align-center elementor-widget elementor-widget-ct_button\" data-id=\"65a57c6\" data-element_type=\"widget\" data-e-type=\"widget\" data-widget_type=\"ct_button.default\">\n\t\t\t\t<div class=\"elementor-widget-container\">\n\t\t\t\t\t<div class=\"ct-button-wrapper ct-button-layout1 icon- btn--inline \">\r\n            <span class=\"ct-icon-active\"><\/span>\r\n        <a href=\"https:\/\/glamoursalondebelleza.com\/index.php\/contact-v-4\/\" class=\"btn btn-default icon-active btn-inline-block  \" data-wow-delay=\"ms\">\r\n                            <span class=\"ct-button-icon ct-align-icon-\">\r\n                            <\/span>\r\n                <span class=\"ct-button-text\">Contacta con nosotras hoy<\/span>\r\n    <\/a>\r\n<\/div>\t\t\t\t<\/div>\n\t\t\t\t<\/div>\n\t\t            <\/div>\n        <\/div>\n                    <\/div>\n        <\/section>\n                <section class=\"elementor-section elementor-top-section elementor-element elementor-element-81ce787 elementor-section-stretched elementor-section-boxed elementor-section-height-default elementor-section-height-default ct-header-fixed-none ct-row-max-none\" data-id=\"81ce787\" data-element_type=\"section\" data-e-type=\"section\" data-settings=\"{&quot;stretch_section&quot;:&quot;section-stretched&quot;,&quot;background_background&quot;:&quot;classic&quot;}\">\n            \n                        <div class=\"elementor-container elementor-column-gap-narrow \">\n                    <div class=\"elementor-column elementor-col-33 elementor-top-column elementor-element elementor-element-6c0c9ff elementor-invisible\" data-id=\"6c0c9ff\" data-element_type=\"column\" data-e-type=\"column\" data-settings=\"{&quot;animation&quot;:&quot;zoomIn&quot;,&quot;background_background&quot;:&quot;classic&quot;}\">\n        <div class=\"elementor-widget-wrap elementor-element-populated\">\n                    \n        \t\t<div class=\"elementor-element elementor-element-99c30ce elementor-widget elementor-widget-image\" data-id=\"99c30ce\" data-element_type=\"widget\" data-e-type=\"widget\" data-widget_type=\"image.default\">\n\t\t\t\t<div class=\"elementor-widget-container\">\n\t\t\t\t\t\t\t\t\t\t\t\t\t\t\t<img loading=\"lazy\" decoding=\"async\" width=\"640\" height=\"640\" src=\"https:\/\/glamoursalondebelleza.com\/wp-content\/uploads\/2025\/02\/474508330_1153488983448937_4418357720187310155_n-1.jpg\" class=\"attachment-large size-large wp-image-5617\" alt=\"\" srcset=\"https:\/\/glamoursalondebelleza.com\/wp-content\/uploads\/2025\/02\/474508330_1153488983448937_4418357720187310155_n-1.jpg 750w, https:\/\/glamoursalondebelleza.com\/wp-content\/uploads\/2025\/02\/474508330_1153488983448937_4418357720187310155_n-1-300x300.jpg 300w, https:\/\/glamoursalondebelleza.com\/wp-content\/uploads\/2025\/02\/474508330_1153488983448937_4418357720187310155_n-1-150x150.jpg 150w\" sizes=\"(max-width: 640px) 100vw, 640px\" \/>\t\t\t\t\t\t\t\t\t\t\t\t\t\t\t<\/div>\n\t\t\t\t<\/div>\n\t\t\t\t<div class=\"elementor-element elementor-element-e70a442 elementor-widget elementor-widget-ct_heading\" data-id=\"e70a442\" data-element_type=\"widget\" data-e-type=\"widget\" data-widget_type=\"ct_heading.default\">\n\t\t\t\t<div class=\"elementor-widget-container\">\n\t\t\t\t\t<div class=\"ct-heading h-align-center  sub-style1 ct-heading-left item-st-default\">\r\n\t    <h4 class=\"item--title st-default \" data-wow-delay=\"ms\">\r\n                <span class=\"sp-main\">\r\n            \r\n            Extensiones Cabello \n\n\r\n            \r\n                    <\/span>\r\n            <\/h4>\r\n<\/div>\t\t\t\t<\/div>\n\t\t\t\t<\/div>\n\t\t\t\t<div class=\"elementor-element elementor-element-dd1aeb4 elementor-widget elementor-widget-text-editor\" data-id=\"dd1aeb4\" data-element_type=\"widget\" data-e-type=\"widget\" data-widget_type=\"text-editor.default\">\n\t\t\t\t<div class=\"elementor-widget-container\">\n\t\t\t\t\t\t\t\t\t<p>Transforma tu apariencia con nuestras extensiones de cabello de alta calidad, agregando longitud, volumen y plenitud a tu cabello natural. Nuestros estilistas expertos garantizan una combinaci\u00f3n perfecta y natural que complementa tu estilo a la perfecci\u00f3n. Ya sea para una ocasi\u00f3n especial o para la belleza diaria, \u00a1disfruta de un cabello hermoso y sin esfuerzo!<\/p>\t\t\t\t\t\t\t\t<\/div>\n\t\t\t\t<\/div>\n\t\t\t\t<div class=\"elementor-element elementor-element-927e095 elementor-align-center elementor-widget elementor-widget-ct_button\" data-id=\"927e095\" data-element_type=\"widget\" data-e-type=\"widget\" data-widget_type=\"ct_button.default\">\n\t\t\t\t<div class=\"elementor-widget-container\">\n\t\t\t\t\t<div class=\"ct-button-wrapper ct-button-layout1 icon- btn--inline \">\r\n            <span class=\"ct-icon-active\"><\/span>\r\n        <a href=\"https:\/\/glamoursalondebelleza.com\/index.php\/contact-v-4\/\" class=\"btn btn-default icon-active btn-inline-block  \" data-wow-delay=\"ms\">\r\n                            <span class=\"ct-button-icon ct-align-icon-\">\r\n                            <\/span>\r\n                <span class=\"ct-button-text\">Contacta con nosotras hoy<\/span>\r\n    <\/a>\r\n<\/div>\t\t\t\t<\/div>\n\t\t\t\t<\/div>\n\t\t            <\/div>\n        <\/div>\n                <div class=\"elementor-column elementor-col-33 elementor-top-column elementor-element elementor-element-88fce8f elementor-invisible\" data-id=\"88fce8f\" data-element_type=\"column\" data-e-type=\"column\" data-settings=\"{&quot;animation&quot;:&quot;zoomIn&quot;,&quot;background_background&quot;:&quot;classic&quot;}\">\n        <div class=\"elementor-widget-wrap elementor-element-populated\">\n                    \n        \t\t<div class=\"elementor-element elementor-element-a8b3bf0 elementor-widget elementor-widget-image\" data-id=\"a8b3bf0\" data-element_type=\"widget\" data-e-type=\"widget\" data-widget_type=\"image.default\">\n\t\t\t\t<div class=\"elementor-widget-container\">\n\t\t\t\t\t\t\t\t\t\t\t\t\t\t\t<img loading=\"lazy\" decoding=\"async\" width=\"640\" height=\"640\" src=\"https:\/\/glamoursalondebelleza.com\/wp-content\/uploads\/2025\/02\/nail4-1.jpg\" class=\"attachment-large size-large wp-image-5644\" alt=\"\" srcset=\"https:\/\/glamoursalondebelleza.com\/wp-content\/uploads\/2025\/02\/nail4-1.jpg 750w, https:\/\/glamoursalondebelleza.com\/wp-content\/uploads\/2025\/02\/nail4-1-300x300.jpg 300w, https:\/\/glamoursalondebelleza.com\/wp-content\/uploads\/2025\/02\/nail4-1-150x150.jpg 150w\" sizes=\"(max-width: 640px) 100vw, 640px\" \/>\t\t\t\t\t\t\t\t\t\t\t\t\t\t\t<\/div>\n\t\t\t\t<\/div>\n\t\t\t\t<div class=\"elementor-element elementor-element-371ab07 elementor-widget elementor-widget-ct_heading\" data-id=\"371ab07\" data-element_type=\"widget\" data-e-type=\"widget\" data-widget_type=\"ct_heading.default\">\n\t\t\t\t<div class=\"elementor-widget-container\">\n\t\t\t\t\t<div class=\"ct-heading h-align-center  sub-style1 ct-heading-left item-st-default\">\r\n\t    <h4 class=\"item--title st-default \" data-wow-delay=\"ms\">\r\n                <span class=\"sp-main\">\r\n            \r\n            Manicura \n\n\r\n            \r\n                    <\/span>\r\n            <\/h4>\r\n<\/div>\t\t\t\t<\/div>\n\t\t\t\t<\/div>\n\t\t\t\t<div class=\"elementor-element elementor-element-dd47ee5 elementor-widget elementor-widget-text-editor\" data-id=\"dd47ee5\" data-element_type=\"widget\" data-e-type=\"widget\" data-widget_type=\"text-editor.default\">\n\t\t\t\t<div class=\"elementor-widget-container\">\n\t\t\t\t\t\t\t\t\t<p>Nuestro servicio de manicura est\u00e1 dise\u00f1ado para mimar tus manos y u\u00f1as, dej\u00e1ndolas con un aspecto elegante y pulido. Desde el modelado y el cuidado de las cut\u00edculas hasta un acabado impecable, utilizamos productos de primera calidad para obtener resultados duraderos. Reg\u00e1late una experiencia relajante que dejar\u00e1 tus manos suaves y hermosas.<\/p>\t\t\t\t\t\t\t\t<\/div>\n\t\t\t\t<\/div>\n\t\t\t\t<div class=\"elementor-element elementor-element-228f0f9 elementor-align-center elementor-widget elementor-widget-ct_button\" data-id=\"228f0f9\" data-element_type=\"widget\" data-e-type=\"widget\" data-widget_type=\"ct_button.default\">\n\t\t\t\t<div class=\"elementor-widget-container\">\n\t\t\t\t\t<div class=\"ct-button-wrapper ct-button-layout1 icon- btn--inline \">\r\n            <span class=\"ct-icon-active\"><\/span>\r\n        <a href=\"https:\/\/glamoursalondebelleza.com\/index.php\/contact-v-4\/\" class=\"btn btn-default icon-active btn-inline-block  \" data-wow-delay=\"ms\">\r\n                            <span class=\"ct-button-icon ct-align-icon-\">\r\n                            <\/span>\r\n                <span class=\"ct-button-text\">Contacta con nosotras hoy<\/span>\r\n    <\/a>\r\n<\/div>\t\t\t\t<\/div>\n\t\t\t\t<\/div>\n\t\t            <\/div>\n        <\/div>\n                <div class=\"elementor-column elementor-col-33 elementor-top-column elementor-element elementor-element-bf0fe23 elementor-invisible\" data-id=\"bf0fe23\" data-element_type=\"column\" data-e-type=\"column\" data-settings=\"{&quot;animation&quot;:&quot;zoomIn&quot;,&quot;background_background&quot;:&quot;classic&quot;}\">\n        <div class=\"elementor-widget-wrap elementor-element-populated\">\n                    \n        \t\t<div class=\"elementor-element elementor-element-3a51980 elementor-widget elementor-widget-image\" data-id=\"3a51980\" data-element_type=\"widget\" data-e-type=\"widget\" data-widget_type=\"image.default\">\n\t\t\t\t<div class=\"elementor-widget-container\">\n\t\t\t\t\t\t\t\t\t\t\t\t\t\t\t<img loading=\"lazy\" decoding=\"async\" width=\"640\" height=\"640\" src=\"https:\/\/glamoursalondebelleza.com\/wp-content\/uploads\/2025\/03\/44FD3D1F-DFF5-43E9-A4A8-E531C2C734DD.jpeg\" class=\"attachment-large size-large wp-image-5855\" alt=\"\" srcset=\"https:\/\/glamoursalondebelleza.com\/wp-content\/uploads\/2025\/03\/44FD3D1F-DFF5-43E9-A4A8-E531C2C734DD.jpeg 1024w, https:\/\/glamoursalondebelleza.com\/wp-content\/uploads\/2025\/03\/44FD3D1F-DFF5-43E9-A4A8-E531C2C734DD-300x300.jpeg 300w, https:\/\/glamoursalondebelleza.com\/wp-content\/uploads\/2025\/03\/44FD3D1F-DFF5-43E9-A4A8-E531C2C734DD-150x150.jpeg 150w, https:\/\/glamoursalondebelleza.com\/wp-content\/uploads\/2025\/03\/44FD3D1F-DFF5-43E9-A4A8-E531C2C734DD-768x768.jpeg 768w\" sizes=\"(max-width: 640px) 100vw, 640px\" \/>\t\t\t\t\t\t\t\t\t\t\t\t\t\t\t<\/div>\n\t\t\t\t<\/div>\n\t\t\t\t<div class=\"elementor-element elementor-element-e43ef6c elementor-widget elementor-widget-ct_heading\" data-id=\"e43ef6c\" data-element_type=\"widget\" data-e-type=\"widget\" data-widget_type=\"ct_heading.default\">\n\t\t\t\t<div class=\"elementor-widget-container\">\n\t\t\t\t\t<div class=\"ct-heading h-align-center  sub-style1 ct-heading-left item-st-default\">\r\n\t    <h4 class=\"item--title st-default \" data-wow-delay=\"ms\">\r\n                <span class=\"sp-main\">\r\n            \r\n            Pedicura\n\n\n\r\n            \r\n                    <\/span>\r\n            <\/h4>\r\n<\/div>\t\t\t\t<\/div>\n\t\t\t\t<\/div>\n\t\t\t\t<div class=\"elementor-element elementor-element-1509419 elementor-widget elementor-widget-text-editor\" data-id=\"1509419\" data-element_type=\"widget\" data-e-type=\"widget\" data-widget_type=\"text-editor.default\">\n\t\t\t\t<div class=\"elementor-widget-container\">\n\t\t\t\t\t\t\t\t\t<p>Nuestro servicio de pedicura brinda la m\u00e1xima relajaci\u00f3n para tus pies, combinando tratamientos calmantes con un cuidado preciso de las u\u00f1as. Exfoliaremos, hidrataremos y daremos forma a tus u\u00f1as, dejando tus pies suaves, frescos y perfectamente pulidos. Mima tus pies con el cuidado que merecen para un acabado hermoso y c\u00f3modo.<\/p>\t\t\t\t\t\t\t\t<\/div>\n\t\t\t\t<\/div>\n\t\t\t\t<div class=\"elementor-element elementor-element-5c581b5 elementor-align-center elementor-widget elementor-widget-ct_button\" data-id=\"5c581b5\" data-element_type=\"widget\" data-e-type=\"widget\" data-widget_type=\"ct_button.default\">\n\t\t\t\t<div class=\"elementor-widget-container\">\n\t\t\t\t\t<div class=\"ct-button-wrapper ct-button-layout1 icon- btn--inline \">\r\n            <span class=\"ct-icon-active\"><\/span>\r\n        <a href=\"https:\/\/glamoursalondebelleza.com\/index.php\/contact-v-4\/\" class=\"btn btn-default icon-active btn-inline-block  \" data-wow-delay=\"ms\">\r\n                            <span class=\"ct-button-icon ct-align-icon-\">\r\n                            <\/span>\r\n                <span class=\"ct-button-text\">Contacta con nosotras hoy<\/span>\r\n    <\/a>\r\n<\/div>\t\t\t\t<\/div>\n\t\t\t\t<\/div>\n\t\t            <\/div>\n        <\/div>\n                    <\/div>\n        <\/section>\n        \t\t<\/div>\n\t\t","protected":false},"excerpt":{"rendered":"<p>Corte Los cortes de cabello femeninos son una t\u00e9cnica art\u00edstica que busca resaltar la belleza individual y realzar los rasgos faciales. Pueden incluir estilos como capas, asimetr\u00edas, flequillos y texturas diversas, adapt\u00e1ndose a las preferencias y personalidad de cada persona. Contacta con nosotras hoy Tratamientos Capilares Nuestros tratamientos capilares est\u00e1n dise\u00f1ados para nutrir, reparar y [&hellip;]<\/p>\n","protected":false},"author":2,"featured_media":0,"parent":0,"menu_order":0,"comment_status":"closed","ping_status":"closed","template":"","meta":{"footnotes":""},"class_list":["post-409","page","type-page","status-publish","hentry"],"_links":{"self":[{"href":"https:\/\/glamoursalondebelleza.com\/index.php\/wp-json\/wp\/v2\/pages\/409","targetHints":{"allow":["GET"]}}],"collection":[{"href":"https:\/\/glamoursalondebelleza.com\/index.php\/wp-json\/wp\/v2\/pages"}],"about":[{"href":"https:\/\/glamoursalondebelleza.com\/index.php\/wp-json\/wp\/v2\/types\/page"}],"author":[{"embeddable":true,"href":"https:\/\/glamoursalondebelleza.com\/index.php\/wp-json\/wp\/v2\/users\/2"}],"replies":[{"embeddable":true,"href":"https:\/\/glamoursalondebelleza.com\/index.php\/wp-json\/wp\/v2\/comments?post=409"}],"version-history":[{"count":13,"href":"https:\/\/glamoursalondebelleza.com\/index.php\/wp-json\/wp\/v2\/pages\/409\/revisions"}],"predecessor-version":[{"id":5861,"href":"https:\/\/glamoursalondebelleza.com\/index.php\/wp-json\/wp\/v2\/pages\/409\/revisions\/5861"}],"wp:attachment":[{"href":"https:\/\/glamoursalondebelleza.com\/index.php\/wp-json\/wp\/v2\/media?parent=409"}],"curies":[{"name":"wp","href":"https:\/\/api.w.org\/{rel}","templated":true}]}}