{"id":3495,"date":"2020-02-07T02:16:59","date_gmt":"2020-02-07T02:16:59","guid":{"rendered":"https:\/\/demo.casethemes.net\/consultio-corporate2\/?page_id=3495"},"modified":"2025-09-22T14:21:21","modified_gmt":"2025-09-22T20:21:21","slug":"about-v-4","status":"publish","type":"page","link":"https:\/\/glamoursalondebelleza.com\/index.php\/about-v-4\/","title":{"rendered":"Acerca de nosotros"},"content":{"rendered":"<p><img decoding=\"async\" width=\"165\" height=\"278\" src=\"https:\/\/glamoursalondebelleza.com\/wp-content\/uploads\/2020\/02\/about4-shape1.png\" alt=\"\" \/>\t\t<\/p>\n<style>\/*! elementor - v3.23.0 - 05-08-2024 *\/\n.elementor-widget-image{text-align:center}.elementor-widget-image a{display:inline-block}.elementor-widget-image a img[src$=\".svg\"]{width:48px}.elementor-widget-image img{vertical-align:middle;display:inline-block}<\/style>\n<p>\t\t\t\t\t\t\t\t\t\t<img fetchpriority=\"high\" decoding=\"async\" width=\"960\" height=\"1280\" src=\"https:\/\/glamoursalondebelleza.com\/wp-content\/uploads\/2025\/02\/Picture1.png\" alt=\"\" srcset=\"https:\/\/glamoursalondebelleza.com\/wp-content\/uploads\/2025\/02\/Picture1.png 960w, https:\/\/glamoursalondebelleza.com\/wp-content\/uploads\/2025\/02\/Picture1-225x300.png 225w, https:\/\/glamoursalondebelleza.com\/wp-content\/uploads\/2025\/02\/Picture1-768x1024.png 768w\" sizes=\"(max-width: 960px) 100vw, 960px\" \/>\t\t\t\t\t\t\t\t\t\t\t\t\t<\/p>\n<p>Bienvenido a Glamour sal\u00f3n de belleza, el destino definitivo para todas tus necesidades de belleza. Nuestro sal\u00f3n se especializa en una amplia gama de servicios dise\u00f1ados para realzar su belleza natural y brindarle una experiencia relajante y rejuvenecedora. Ya sea que est\u00e9 buscando un corte de cabello fresco, un color de cabello vibrante o extensiones de cabello lujosas, lo tenemos cubierto. Nuestros estilistas expertos est\u00e1n altamente capacitados en tratamientos capilares que nutren, restauran y mantienen la salud y el brillo de tu cabello. Desde tratamientos suavizantes hasta acondicionamiento profundo, te ayudaremos a lograr un cabello hermoso y saludable del que puedas estar orgulloso. Si buscas cambiar tu apariencia, nuestros especialistas en color trabajar\u00e1n contigo para crear el tono perfecto, mientras que nuestros servicios de extensiones de cabello te brindar\u00e1n el volumen y la longitud que siempre has deseado. Tambi\u00e9n ofrecemos servicios profesionales de manicura y pedicura para completar tu rutina de belleza. Nuestros t\u00e9cnicos de u\u00f1as brindan un cuidado de primer nivel con precisi\u00f3n, asegurando que sus manos y pies est\u00e9n mimados y pulidos a la perfecci\u00f3n.<\/p>\n","protected":false},"excerpt":{"rendered":"<p>Bienvenido a Glamour sal\u00f3n de belleza, el destino definitivo para todas tus necesidades de belleza. Nuestro sal\u00f3n se especializa en una amplia gama de servicios dise\u00f1ados para realzar su belleza natural y brindarle una experiencia relajante y rejuvenecedora. Ya sea que est\u00e9 buscando un corte de cabello fresco, un color de cabello vibrante o extensiones [&hellip;]<\/p>\n","protected":false},"author":2,"featured_media":0,"parent":0,"menu_order":0,"comment_status":"closed","ping_status":"closed","template":"","meta":{"footnotes":""},"class_list":["post-3495","page","type-page","status-publish","hentry"],"_links":{"self":[{"href":"https:\/\/glamoursalondebelleza.com\/index.php\/wp-json\/wp\/v2\/pages\/3495","targetHints":{"allow":["GET"]}}],"collection":[{"href":"https:\/\/glamoursalondebelleza.com\/index.php\/wp-json\/wp\/v2\/pages"}],"about":[{"href":"https:\/\/glamoursalondebelleza.com\/index.php\/wp-json\/wp\/v2\/types\/page"}],"author":[{"embeddable":true,"href":"https:\/\/glamoursalondebelleza.com\/index.php\/wp-json\/wp\/v2\/users\/2"}],"replies":[{"embeddable":true,"href":"https:\/\/glamoursalondebelleza.com\/index.php\/wp-json\/wp\/v2\/comments?post=3495"}],"version-history":[{"count":10,"href":"https:\/\/glamoursalondebelleza.com\/index.php\/wp-json\/wp\/v2\/pages\/3495\/revisions"}],"predecessor-version":[{"id":5840,"href":"https:\/\/glamoursalondebelleza.com\/index.php\/wp-json\/wp\/v2\/pages\/3495\/revisions\/5840"}],"wp:attachment":[{"href":"https:\/\/glamoursalondebelleza.com\/index.php\/wp-json\/wp\/v2\/media?parent=3495"}],"curies":[{"name":"wp","href":"https:\/\/api.w.org\/{rel}","templated":true}]}}